{"id":2312,"date":"2025-07-11T09:30:33","date_gmt":"2025-07-11T07:30:33","guid":{"rendered":"https:\/\/enoughgenug.org\/impressum\/"},"modified":"2025-10-07T06:58:07","modified_gmt":"2025-10-07T04:58:07","slug":"impressum","status":"publish","type":"page","link":"https:\/\/enoughgenug.org\/de\/impressum\/","title":{"rendered":"Impressum"},"content":{"rendered":"\t\t<div data-elementor-type=\"wp-page\" data-elementor-id=\"2312\" class=\"elementor elementor-2312 elementor-275\">\n\t\t\t\t\t\t<section class=\"elementor-section elementor-top-section elementor-element elementor-element-d37d287 elementor-section-boxed elementor-section-height-default elementor-section-height-default sc_fly_static\" data-id=\"d37d287\" data-element_type=\"section\" data-e-type=\"section\">\n\t\t\t\t\t\t<div class=\"elementor-container elementor-column-gap-extended\">\n\t\t\t\t\t<div class=\"elementor-column elementor-col-100 elementor-top-column elementor-element elementor-element-1109164 sc_content_align_inherit sc_layouts_column_icons_position_left sc_fly_static\" data-id=\"1109164\" data-element_type=\"column\" data-e-type=\"column\">\n\t\t\t<div class=\"elementor-widget-wrap elementor-element-populated\">\n\t\t\t\t\t\t<div class=\"elementor-element elementor-element-5cc1a38 sc_fly_static elementor-widget elementor-widget-spacer\" data-id=\"5cc1a38\" data-element_type=\"widget\" data-e-type=\"widget\" data-widget_type=\"spacer.default\">\n\t\t\t\t<div class=\"elementor-widget-container\">\n\t\t\t\t\t\t\t<div class=\"elementor-spacer\">\n\t\t\t<div class=\"elementor-spacer-inner\"><\/div>\n\t\t<\/div>\n\t\t\t\t\t\t<\/div>\n\t\t\t\t<\/div>\n\t\t\t\t\t<\/div>\n\t\t<\/div>\n\t\t\t\t\t<\/div>\n\t\t<\/section>\n\t\t\t\t<section class=\"elementor-section elementor-top-section elementor-element elementor-element-574445af elementor-section-boxed elementor-section-height-default elementor-section-height-default sc_fly_static\" data-id=\"574445af\" data-element_type=\"section\" data-e-type=\"section\">\n\t\t\t\t\t\t<div class=\"elementor-container elementor-column-gap-extended\">\n\t\t\t\t\t<div class=\"elementor-column elementor-col-100 elementor-top-column elementor-element elementor-element-5d7e239c sc_content_align_inherit sc_layouts_column_icons_position_left sc_fly_static\" data-id=\"5d7e239c\" data-element_type=\"column\" data-e-type=\"column\">\n\t\t\t<div class=\"elementor-widget-wrap elementor-element-populated\">\n\t\t\t\t\t\t<div class=\"elementor-element elementor-element-5c2111f1 elementor-widget__width-initial sc_fly_static elementor-widget elementor-widget-text-editor\" data-id=\"5c2111f1\" data-element_type=\"widget\" data-e-type=\"widget\" data-widget_type=\"text-editor.default\">\n\t\t\t\t<div class=\"elementor-widget-container\">\n\t\t\t\t\t\t\t\t\t<h1>Impressum<\/h1>\n<p><\/p>\n<div><\/div>\n<p>ENOUGH! GENUG! in Gr\u00fcndung<br \/>i.R. Adrienne Goehler<\/p>\n<p>c\/o taz Panter Stiftung<br \/>Friedrichstr. 21<br \/>10969 Berlin<\/p>\n<h5>Kontakt<\/h5>\n<p>E-Mail: frauenstreik(at)posteo.de<\/p>\n<h5>Redaktionelle Verantwortung<\/h5>\n<p>ENOUGH! GENUG! in Gr\u00fcndung<br \/>i.R. Adrienne Goehler<\/p>\n<p>c\/o taz Panter Stiftung<br \/>Friedrichstr. 21<br \/>D-10969 Berlin<\/p>\n<p>Quelle:\u00a0<a href=\"https:\/\/www.e-recht24.de\">eRecht24<\/a><\/p>\n\t\t\t\t\t\t\t\t<\/div>\n\t\t\t\t<\/div>\n\t\t\t\t\t<\/div>\n\t\t<\/div>\n\t\t\t\t\t<\/div>\n\t\t<\/section>\n\t\t\t\t<section class=\"elementor-section elementor-top-section elementor-element elementor-element-9fb2903 elementor-section-boxed elementor-section-height-default elementor-section-height-default sc_fly_static\" data-id=\"9fb2903\" data-element_type=\"section\" data-e-type=\"section\">\n\t\t\t\t\t\t<div class=\"elementor-container elementor-column-gap-extended\">\n\t\t\t\t\t<div class=\"elementor-column elementor-col-100 elementor-top-column elementor-element elementor-element-426d620 sc_content_align_inherit sc_layouts_column_icons_position_left sc_fly_static\" data-id=\"426d620\" data-element_type=\"column\" data-e-type=\"column\">\n\t\t\t<div class=\"elementor-widget-wrap elementor-element-populated\">\n\t\t\t\t\t\t<div class=\"elementor-element elementor-element-9ac93cc sc_fly_static elementor-widget elementor-widget-spacer\" data-id=\"9ac93cc\" data-element_type=\"widget\" data-e-type=\"widget\" data-widget_type=\"spacer.default\">\n\t\t\t\t<div class=\"elementor-widget-container\">\n\t\t\t\t\t\t\t<div class=\"elementor-spacer\">\n\t\t\t<div class=\"elementor-spacer-inner\"><\/div>\n\t\t<\/div>\n\t\t\t\t\t\t<\/div>\n\t\t\t\t<\/div>\n\t\t\t\t<div class=\"elementor-element elementor-element-5b51645 sc_fly_static elementor-widget elementor-widget-text-editor\" data-id=\"5b51645\" data-element_type=\"widget\" data-e-type=\"widget\" data-widget_type=\"text-editor.default\">\n\t\t\t\t<div class=\"elementor-widget-container\">\n\t\t\t\t\t\t\t\t\t<h5 class=\"p2\">Engagiert f\u00fcr ENOUGH!<\/h5>\n<p><\/p>\n<p class=\"p2\">Adrienne Goehler , Barbara G\u00f6ger , Thomas Hasel, Rachel Kohn, Angela K\u00f6nig, Anna Krenz, Tanja Krone, Christine Kurmeyer, Carola Lehmann\u00a0 ,Teresa Monfared, Anja Nolte, Camila Ocoutinho, JP Possmann, Laurent Romary,<span class=\"Apple-converted-space\"> \u00a0<\/span>Anne Schneider.<\/p>\n\t\t\t\t\t\t\t\t<\/div>\n\t\t\t\t<\/div>\n\t\t\t\t\t<\/div>\n\t\t<\/div>\n\t\t\t\t\t<\/div>\n\t\t<\/section>\n\t\t\t\t<\/div>\n\t\t","protected":false},"excerpt":{"rendered":"<p>Impressum ENOUGH! GENUG! in Gr\u00fcndungi.R. Adrienne Goehler c\/o taz Panter StiftungFriedrichstr. 2110969 Berlin Kontakt E-Mail: frauenstreik(at)posteo.de Redaktionelle Verantwortung ENOUGH! GENUG! in Gr\u00fcndungi.R. Adrienne Goehler c\/o taz Panter StiftungFriedrichstr. 21D-10969 Berlin&hellip;<\/p>\n","protected":false},"author":75266230,"featured_media":0,"parent":0,"menu_order":0,"comment_status":"closed","ping_status":"closed","template":"","meta":{"_crdt_document":"","advanced_seo_description":"","jetpack_seo_html_title":"","jetpack_seo_noindex":false,"footnotes":""},"class_list":["post-2312","page","type-page","status-publish","hentry"],"jetpack_likes_enabled":false,"jetpack_sharing_enabled":true,"jetpack_shortlink":"https:\/\/wp.me\/PgBszR-Bi","jetpack-related-posts":[{"id":275,"url":"https:\/\/enoughgenug.org\/legal_notice\/","url_meta":{"origin":2312,"position":0},"title":"Legal Notice","author":"mail802","date":"11. Juli 2025","format":false,"excerpt":"Legal Notice\u00a0ENOUGH! GENUG! under formationi.R. Adrienne Goehlerc\/o taz Panter StiftungFriedrichstr. 2110969 BerlinContactE-Mail: frauenstreik(at)posteo.deEditorial ResponsibilityENOUGH! GENUG! under formationi.R. Adrienne Goehlerc\/o taz Panter StiftungFriedrichstr. 21D-10969 BerlinQuelle: eRecht24 Engaged for ENOUGH!Adrienne Goehler , Barbara G\u00f6ger, Thomas Hasel, Rachel Kohn, Angela K\u00f6nig , Anna Krenz, Tanja Krone, Christine Kurmeyer, Carola Lehmann ,Teresa Monfared, JP\u2026","rel":"","context":"\u00c4hnlicher Beitrag","block_context":{"text":"\u00c4hnlicher Beitrag","link":""},"img":{"alt_text":"","src":"","width":0,"height":0},"classes":[]},{"id":148,"url":"https:\/\/enoughgenug.org\/privacy-policy\/","url_meta":{"origin":2312,"position":1},"title":"Privacy policy","author":"laurentromary","date":"27. August 2024","format":false,"excerpt":"Privacy Policy enoughgenug.orgHereinafter we inform you about the nature, scope and purpose of the processing of your personal data when using our website. Personal data is any information that relates to an identified or identifiable natural person.The person responsible (\u201ccontroller\u201d) within the meaning of the EU General Data Protection Regulation\u2026","rel":"","context":"\u00c4hnlicher Beitrag","block_context":{"text":"\u00c4hnlicher Beitrag","link":""},"img":{"alt_text":"","src":"","width":0,"height":0},"classes":[]},{"id":7256,"url":"https:\/\/enoughgenug.org\/9-3-2026\/","url_meta":{"origin":2312,"position":2},"title":"Archive 9.3.2026","author":"Sonja Grosswinkelmann","date":"14. April 2026","format":false,"excerpt":"9.3.2026 What a start! On March 9, our ENOUGH! GENUG! YETER! echoed throughout the country and beyond. Every ENOUGH really counted! This is how we created the GREATEST SHARED DIVERSITY!Have a look at how 90 regional groups expressed their own ENOUGH! \u2013 their unavailability \u2013 in a wide variety of\u2026","rel":"","context":"\u00c4hnlicher Beitrag","block_context":{"text":"\u00c4hnlicher Beitrag","link":""},"img":{"alt_text":"","src":"https:\/\/i0.wp.com\/enoughgenug.org\/wp-content\/uploads\/2026\/04\/mannheim_marktplatz_mannheim_marktplatz-gemeinsames_nichtstun-img_7353_foto_charlotte_arens_jpg-1773134926-370x370.jpg?resize=350%2C200&ssl=1","width":350,"height":200},"classes":[]},{"id":19,"url":"https:\/\/enoughgenug.org\/ein-paar-bemerkungen-zum-entstehen\/","url_meta":{"origin":2312,"position":3},"title":"Ein paar Bemerkungen zum Entstehen","author":"laurentromary","date":"10. Juni 2025","format":false,"excerpt":"Die Zeit scheint uns reif f\u00fcr einen klaren und unmissverst\u00e4ndlichen Protest.Der ein Auftakt f\u00fcr einen Prozess sein soll, so vielgestaltig wie die Probleme selbst es sind. Aber entschieden und eindeutig in der gemeinsamen Energie und unserem Ziel: Vernetzung, Ermutigung, solidarisches Handeln \u2013und Ver\u00e4nderung, weltweit. Vieles ist f\u00fcr viele besser geworden\u2026","rel":"","context":"\u00c4hnlicher Beitrag","block_context":{"text":"\u00c4hnlicher Beitrag","link":""},"img":{"alt_text":"","src":"","width":0,"height":0},"classes":[]},{"id":5417,"url":"https:\/\/enoughgenug.org\/de\/","url_meta":{"origin":2312,"position":4},"title":"Startseite","author":"camila_de_oliveira","date":"23. Januar 2026","format":false,"excerpt":"Was f\u00fcr ein Auftakt! Am 9.3. schallte unser ENOUGH! GENUG! YETER! durch die Republik und dar\u00fcber hinaus. 90 Regionalgruppen haben auf ihre Weise ihr GENUG! gezeigt \u2013 ihr Nicht-zur-Verf\u00fcgung-Stehen \u2013 durch picknicken, chillen, diskutieren, gemeinsam tanzen, singen, gemeinsam immer wieder 1 Minute schreien, gro\u00dfartig musikalisch begleitet\u2026 Jedes GENUG z\u00e4hlte wirklich!\u2026","rel":"","context":"\u00c4hnlicher Beitrag","block_context":{"text":"\u00c4hnlicher Beitrag","link":""},"img":{"alt_text":"","src":"https:\/\/i0.wp.com\/enoughgenug.org\/wp-content\/uploads\/2025\/08\/belt_animation_NEW_gif-3.gif?resize=350%2C200&ssl=1","width":350,"height":200,"srcset":"https:\/\/i0.wp.com\/enoughgenug.org\/wp-content\/uploads\/2025\/08\/belt_animation_NEW_gif-3.gif?resize=350%2C200&ssl=1 1x, https:\/\/i0.wp.com\/enoughgenug.org\/wp-content\/uploads\/2025\/08\/belt_animation_NEW_gif-3.gif?resize=525%2C300&ssl=1 1.5x, https:\/\/i0.wp.com\/enoughgenug.org\/wp-content\/uploads\/2025\/08\/belt_animation_NEW_gif-3.gif?resize=700%2C400&ssl=1 2x, https:\/\/i0.wp.com\/enoughgenug.org\/wp-content\/uploads\/2025\/08\/belt_animation_NEW_gif-3.gif?resize=1050%2C600&ssl=1 3x, https:\/\/i0.wp.com\/enoughgenug.org\/wp-content\/uploads\/2025\/08\/belt_animation_NEW_gif-3.gif?resize=1400%2C800&ssl=1 4x"},"classes":[]},{"id":2321,"url":"https:\/\/enoughgenug.org\/de\/mach-mit\/","url_meta":{"origin":2312,"position":5},"title":"Mach mit!","author":"mail802","date":"11. Juli 2025","format":false,"excerpt":"\u00a9 Foto Camila de Oliveira Mach mit! Werde Teil von Enough! Du m\u00f6chtest mitmachen und hast schon eine Idee? Super! Suche dir Mitstreiter*innen vor Ort und meldet eure Aktion hier an.\u00a0 Du m\u00f6chtest mitmachen und hast noch keine konkrete Idee oder suchst noch Menschen, die dich unterst\u00fctzen? Melde dich hier\u2026","rel":"","context":"\u00c4hnlicher Beitrag","block_context":{"text":"\u00c4hnlicher Beitrag","link":""},"img":{"alt_text":"","src":"https:\/\/i0.wp.com\/enoughgenug.org\/wp-content\/uploads\/2025\/07\/jacaranda_header-scaled.jpg?resize=350%2C200&ssl=1","width":350,"height":200,"srcset":"https:\/\/i0.wp.com\/enoughgenug.org\/wp-content\/uploads\/2025\/07\/jacaranda_header-scaled.jpg?resize=350%2C200&ssl=1 1x, https:\/\/i0.wp.com\/enoughgenug.org\/wp-content\/uploads\/2025\/07\/jacaranda_header-scaled.jpg?resize=525%2C300&ssl=1 1.5x, https:\/\/i0.wp.com\/enoughgenug.org\/wp-content\/uploads\/2025\/07\/jacaranda_header-scaled.jpg?resize=700%2C400&ssl=1 2x, https:\/\/i0.wp.com\/enoughgenug.org\/wp-content\/uploads\/2025\/07\/jacaranda_header-scaled.jpg?resize=1050%2C600&ssl=1 3x, https:\/\/i0.wp.com\/enoughgenug.org\/wp-content\/uploads\/2025\/07\/jacaranda_header-scaled.jpg?resize=1400%2C800&ssl=1 4x"},"classes":[]}],"_links":{"self":[{"href":"https:\/\/enoughgenug.org\/de\/wp-json\/wp\/v2\/pages\/2312","targetHints":{"allow":["GET"]}}],"collection":[{"href":"https:\/\/enoughgenug.org\/de\/wp-json\/wp\/v2\/pages"}],"about":[{"href":"https:\/\/enoughgenug.org\/de\/wp-json\/wp\/v2\/types\/page"}],"author":[{"embeddable":true,"href":"https:\/\/enoughgenug.org\/de\/wp-json\/wp\/v2\/users\/75266230"}],"replies":[{"embeddable":true,"href":"https:\/\/enoughgenug.org\/de\/wp-json\/wp\/v2\/comments?post=2312"}],"version-history":[{"count":0,"href":"https:\/\/enoughgenug.org\/de\/wp-json\/wp\/v2\/pages\/2312\/revisions"}],"wp:attachment":[{"href":"https:\/\/enoughgenug.org\/de\/wp-json\/wp\/v2\/media?parent=2312"}],"curies":[{"name":"wp","href":"https:\/\/api.w.org\/{rel}","templated":true}]}}